{"id":3162,"date":"2026-03-22T08:45:03","date_gmt":"2026-03-22T07:45:03","guid":{"rendered":"https:\/\/skoczek.com\/przykladowa-strona\/?page_id=3162"},"modified":"2026-03-22T08:52:27","modified_gmt":"2026-03-22T07:52:27","slug":"zapisy-dla-sedziow-zawodow","status":"publish","type":"page","link":"https:\/\/skoczek.com\/przykladowa-strona\/zapisy-dla-sedziow-zawodow\/","title":{"rendered":"Zapisy dla s\u0119dzi\u00f3w zawod\u00f3w"},"content":{"rendered":"\n<div style=\"background:#f8f9fa; padding:40px 30px; border-radius:12px; max-width:1000px; margin:40px auto; box-shadow:0 4px 15px rgba(0,0,0,0.1);\">\n  <h2 style=\"text-align:center; margin-bottom:25px;\">Zg\u0142oszenia s\u0119dzi\u00f3w do obs\u0142ugi zawod\u00f3w<\/h2>\n  <p style=\"text-align:center; font-size:1.1em; margin-bottom:30px;\">Wybierz zawody w kt\u00f3rych chcesz s\u0119dziowa\u0107.<\/p>\n  \n  <script type=\"text\/javascript\">\nif(bookero_config == undefined){\n    var bookero_config = [];\n}\nvar bookero_instance_config = {\n    id: '0w5suSD8VN30',\n    container: 'bookero_69e1efdd2ffa0',\n    type: 'calendar',\n    position: '',\n    plugin_css: true,\n    lang: 'pl',\n    custom_config: {use_service_category_id: 13421}\n};\nbookero_config.push(bookero_instance_config);\n<\/script><div id=\"bookero_69e1efdd2ffa0\"><\/div>\n<\/div>\n","protected":false},"excerpt":{"rendered":"<p>Zg\u0142oszenia s\u0119dzi\u00f3w do obs\u0142ugi zawod\u00f3w Wybierz zawody w kt\u00f3rych chcesz s\u0119dziowa\u0107.<\/p>\n","protected":false},"author":50,"featured_media":0,"parent":0,"menu_order":0,"comment_status":"closed","ping_status":"closed","template":"","meta":{"_monsterinsights_skip_tracking":false,"_monsterinsights_sitenote_active":false,"_monsterinsights_sitenote_note":"","_monsterinsights_sitenote_category":0,"footnotes":""},"class_list":["post-3162","page","type-page","status-publish","hentry"],"publishpress_future_action":{"enabled":false,"date":"2026-04-24 10:31:25","action":"change-status","newStatus":"draft","terms":[],"taxonomy":"","extraData":[]},"publishpress_future_workflow_manual_trigger":{"enabledWorkflows":[]},"_links":{"self":[{"href":"https:\/\/skoczek.com\/przykladowa-strona\/wp-json\/wp\/v2\/pages\/3162","targetHints":{"allow":["GET"]}}],"collection":[{"href":"https:\/\/skoczek.com\/przykladowa-strona\/wp-json\/wp\/v2\/pages"}],"about":[{"href":"https:\/\/skoczek.com\/przykladowa-strona\/wp-json\/wp\/v2\/types\/page"}],"author":[{"embeddable":true,"href":"https:\/\/skoczek.com\/przykladowa-strona\/wp-json\/wp\/v2\/users\/50"}],"replies":[{"embeddable":true,"href":"https:\/\/skoczek.com\/przykladowa-strona\/wp-json\/wp\/v2\/comments?post=3162"}],"version-history":[{"count":3,"href":"https:\/\/skoczek.com\/przykladowa-strona\/wp-json\/wp\/v2\/pages\/3162\/revisions"}],"predecessor-version":[{"id":3167,"href":"https:\/\/skoczek.com\/przykladowa-strona\/wp-json\/wp\/v2\/pages\/3162\/revisions\/3167"}],"wp:attachment":[{"href":"https:\/\/skoczek.com\/przykladowa-strona\/wp-json\/wp\/v2\/media?parent=3162"}],"curies":[{"name":"wp","href":"https:\/\/api.w.org\/{rel}","templated":true}]}}