{"id":60,"date":"2014-02-12T02:34:02","date_gmt":"2014-02-12T01:34:02","guid":{"rendered":"http:\/\/patr_wp.deimos.org.pl\/?page_id=60"},"modified":"2014-08-13T14:46:15","modified_gmt":"2014-08-13T12:46:15","slug":"strzelnica-klubowa","status":"publish","type":"page","link":"http:\/\/skoczek.com\/przykladowa-strona\/strzelnica-klubowa\/","title":{"rendered":"Strzelnica stowarzyszenia"},"content":{"rendered":"<div>Strzelnica klubowa<\/div>\n<p><iframe width=\"640\" height=\"500\" frameborder=\"0\" scrolling=\"no\" marginheight=\"0\" marginwidth=\"0\" src=\"https:\/\/www.google.pl\/maps?t=m&amp;q=Borowica&amp;ie=UTF8&amp;hq=&amp;hnear=Borowica,+krasnostawski,+lubelskie&amp;z=14&amp;ll=51.067891,23.11849&amp;output=embed\"><\/iframe><br \/><small><a href=\"https:\/\/www.google.pl\/maps?t=m&amp;q=Borowica&amp;ie=UTF8&amp;hq=&amp;hnear=Borowica,+krasnostawski,+lubelskie&amp;z=14&amp;ll=51.067891,23.11849&amp;source=embed\" style=\"color:#0000FF;text-align:left\">Wy\u015bwietl wi\u0119ksz\u0105 map\u0119<\/a><\/small><\/p>\n","protected":false},"excerpt":{"rendered":"<p>Strzelnica klubowa Wy\u015bwietl wi\u0119ksz\u0105 map\u0119<\/p>\n","protected":false},"author":1,"featured_media":0,"parent":0,"menu_order":0,"comment_status":"closed","ping_status":"closed","template":"","meta":{"_monsterinsights_skip_tracking":false,"_monsterinsights_sitenote_active":false,"_monsterinsights_sitenote_note":"","_monsterinsights_sitenote_category":0,"footnotes":""},"class_list":["post-60","page","type-page","status-publish","hentry"],"publishpress_future_action":{"enabled":false,"date":"2026-05-06 22:15:52","action":"change-status","newStatus":"draft","terms":[],"taxonomy":"","extraData":[]},"publishpress_future_workflow_manual_trigger":{"enabledWorkflows":[]},"_links":{"self":[{"href":"http:\/\/skoczek.com\/przykladowa-strona\/wp-json\/wp\/v2\/pages\/60","targetHints":{"allow":["GET"]}}],"collection":[{"href":"http:\/\/skoczek.com\/przykladowa-strona\/wp-json\/wp\/v2\/pages"}],"about":[{"href":"http:\/\/skoczek.com\/przykladowa-strona\/wp-json\/wp\/v2\/types\/page"}],"author":[{"embeddable":true,"href":"http:\/\/skoczek.com\/przykladowa-strona\/wp-json\/wp\/v2\/users\/1"}],"replies":[{"embeddable":true,"href":"http:\/\/skoczek.com\/przykladowa-strona\/wp-json\/wp\/v2\/comments?post=60"}],"version-history":[{"count":5,"href":"http:\/\/skoczek.com\/przykladowa-strona\/wp-json\/wp\/v2\/pages\/60\/revisions"}],"predecessor-version":[{"id":2811,"href":"http:\/\/skoczek.com\/przykladowa-strona\/wp-json\/wp\/v2\/pages\/60\/revisions\/2811"}],"wp:attachment":[{"href":"http:\/\/skoczek.com\/przykladowa-strona\/wp-json\/wp\/v2\/media?parent=60"}],"curies":[{"name":"wp","href":"https:\/\/api.w.org\/{rel}","templated":true}]}}