{"id":3033,"date":"2026-01-07T13:17:18","date_gmt":"2026-01-07T12:17:18","guid":{"rendered":"https:\/\/skoczek.com\/przykladowa-strona\/?page_id=3033"},"modified":"2026-01-07T13:19:45","modified_gmt":"2026-01-07T12:19:45","slug":"oplaty","status":"publish","type":"page","link":"http:\/\/skoczek.com\/przykladowa-strona\/oplaty\/","title":{"rendered":"Op\u0142aty"},"content":{"rendered":"\n<p><strong>OP\u0141ATY CZ\u0141ONKOWSKIE<\/strong><\/p>\n\n\n\n<ol class=\"wp-block-list\">\n<li>OP\u0141ATA WPISOWA 200 z\u0142<\/li>\n\n\n\n<li>SK\u0141ADKA CZ\u0141ONKOWSKA 2026&nbsp; 300 z\u0142 \u2013 termin 31.01.2026 r.<\/li>\n<\/ol>\n\n\n\n<p><strong>Konto Stowarzyszenia do wp\u0142at:<\/strong><\/p>\n\n\n\n<p>Bank Sp\u00f3\u0142dzielczy Krasnystaw<\/p>\n\n\n\n<p>33 8200 0008 2001 0022 8488 0001<\/p>\n\n\n\n<p><\/p>\n\n\n\n<p><\/p>\n\n\n\n<p>Op\u0142aty za wydanie decyzji administracyjnej na:<br>bro\u0144 sportow\u0105 do cel\u00f3w sportowych; kolekcjonerskich; wydanie dopuszczenia do posiadania broni; promes\/ za\u015bwiadcze\u0144 na zakup broni nale\u017cy ui\u015bci\u0107 z w\u0142a\u015bciwym tytu\u0142em op\u0142aty na:&nbsp;<br><br><strong><em>Urz\u0105d Miejski Wydzia\u0142 Finansowy, 20-950 Lublin, ul. Wieniawska 14,<br>bank PEKAO S.A. nr 95 1240 2092 9329 9200 0620 0000<br>tytu\u0142em \u201eop\u0142ata za &#8230;&#8230;..\u201d&nbsp;&nbsp;<\/em><\/strong><\/p>\n","protected":false},"excerpt":{"rendered":"<p>OP\u0141ATY CZ\u0141ONKOWSKIE Konto Stowarzyszenia do wp\u0142at: Bank Sp\u00f3\u0142dzielczy Krasnystaw 33 8200 0008 2001 0022 8488 0001 Op\u0142aty za wydanie decyzji<\/p>\n","protected":false},"author":50,"featured_media":0,"parent":0,"menu_order":0,"comment_status":"closed","ping_status":"closed","template":"","meta":{"_monsterinsights_skip_tracking":false,"_monsterinsights_sitenote_active":false,"_monsterinsights_sitenote_note":"","_monsterinsights_sitenote_category":0,"footnotes":""},"class_list":["post-3033","page","type-page","status-publish","hentry"],"publishpress_future_action":{"enabled":false,"date":"2026-05-06 22:15:58","action":"change-status","newStatus":"draft","terms":[],"taxonomy":"","extraData":[]},"publishpress_future_workflow_manual_trigger":{"enabledWorkflows":[]},"_links":{"self":[{"href":"http:\/\/skoczek.com\/przykladowa-strona\/wp-json\/wp\/v2\/pages\/3033","targetHints":{"allow":["GET"]}}],"collection":[{"href":"http:\/\/skoczek.com\/przykladowa-strona\/wp-json\/wp\/v2\/pages"}],"about":[{"href":"http:\/\/skoczek.com\/przykladowa-strona\/wp-json\/wp\/v2\/types\/page"}],"author":[{"embeddable":true,"href":"http:\/\/skoczek.com\/przykladowa-strona\/wp-json\/wp\/v2\/users\/50"}],"replies":[{"embeddable":true,"href":"http:\/\/skoczek.com\/przykladowa-strona\/wp-json\/wp\/v2\/comments?post=3033"}],"version-history":[{"count":4,"href":"http:\/\/skoczek.com\/przykladowa-strona\/wp-json\/wp\/v2\/pages\/3033\/revisions"}],"predecessor-version":[{"id":3040,"href":"http:\/\/skoczek.com\/przykladowa-strona\/wp-json\/wp\/v2\/pages\/3033\/revisions\/3040"}],"wp:attachment":[{"href":"http:\/\/skoczek.com\/przykladowa-strona\/wp-json\/wp\/v2\/media?parent=3033"}],"curies":[{"name":"wp","href":"https:\/\/api.w.org\/{rel}","templated":true}]}}