{"id":2746,"date":"2026-01-05T10:56:17","date_gmt":"2026-01-05T09:56:17","guid":{"rendered":"https:\/\/skoczek.com\/przykladowa-strona\/?page_id=2746"},"modified":"2026-03-27T18:51:11","modified_gmt":"2026-03-27T17:51:11","slug":"kalendarz-imprez-2026","status":"publish","type":"page","link":"http:\/\/skoczek.com\/przykladowa-strona\/kalendarz-imprez-2026\/","title":{"rendered":"Kalendarz zawod\u00f3w 2026"},"content":{"rendered":"\t\t<div data-elementor-type=\"wp-page\" data-elementor-id=\"2746\" class=\"elementor elementor-2746\">\n\t\t\t\t<div class=\"elementor-element elementor-element-5b49ceac e-flex e-con-boxed e-con e-parent\" data-id=\"5b49ceac\" data-element_type=\"container\" data-e-type=\"container\">\n\t\t\t\t\t<div class=\"e-con-inner\">\n\t\t\t\t<div class=\"elementor-element elementor-element-2f3cc538 elementor-widget elementor-widget-text-editor\" data-id=\"2f3cc538\" data-element_type=\"widget\" data-e-type=\"widget\" data-widget_type=\"text-editor.default\">\n\t\t\t\t\t\t\t\t\t\n<figure class=\"wp-block-table kalendarz-imprez has-small-font-size\">\n<table class=\"has-white-background-color has-background has-fixed-layout\">\n<thead>\n<tr>\n<th>\u00a0<\/th>\n<th>\u00a0<\/th>\n<th>\u00a0<\/th>\n<th>\u00a0<\/th>\n<th>\u00a0<\/th>\n<th>\u00a0<\/th>\n<th>\u00a0<\/th>\n<th>\u00a0<\/th>\n<\/tr>\n<\/thead>\n<tbody>\n<tr>\n<td>Lp<\/td>\n<td>Nazwa zawod\u00f3w<\/td>\n<td>Termin<\/td>\n<td>Strzelnica<\/td>\n<td>Konkurencje<\/td>\n<td>Regulamin<\/td>\n<td>Komunikat<\/td>\n<td>Obs\u0142uga zawod\u00f3w<\/td>\n<\/tr>\n<tr>\n<td>1<\/td>\n<td>PUCHAR MARSZA\u0141KA WOJEW\u00d3DZTWA LUBELSKIEGO<\/td>\n<td>22-03-2026<\/td>\n<td>BE\u0141\u017bYCE<\/td>\n<td>Knp, Ppn<\/td>\n<td><a class=\"btn-regulamin\" href=\"http:\/\/REGULAMIN\">REGULAMIN<\/a><\/td>\n<td><a class=\"btn-komunikat\" href=\"http:\/\/KOMUNIKAT\">KOMUNIKAT<\/a><\/td>\n<td><a href=\"https:\/\/skoczek.com\/przykladowa-strona\/zapisy-dla-sedziow-zawodow\/\" data-type=\"page\" data-id=\"3162\">ZAPISY<\/a><\/td>\n<\/tr>\n<tr>\n<td>2<\/td>\n<td>PUCHAR WIOSNY 2026 CZ. I<\/td>\n<td>26-04-2026<\/td>\n<td>BOROWICA<\/td>\n<td>Ksp ,Kcz, Psp, Pcz, Strz<\/td>\n<td><a class=\"btn-regulamin\" href=\"http:\/\/REGULAMIN\">REGULAMIN<\/a><\/td>\n<td><a class=\"btn-komunikat\" href=\"http:\/\/KOMUNIKAT\">KOMUNIKAT<\/a><\/td>\n<td><a href=\"https:\/\/skoczek.com\/przykladowa-strona\/zapisy-dla-sedziow-zawodow\/\" data-type=\"page\" data-id=\"3162\">ZAPISY<\/a><\/td>\n<\/tr>\n<tr>\n<td>3<\/td>\n<td>WOJEW\u00d3DZKI TURNIEJ STRZELECKI CZ. II<\/td>\n<td>10-05-2026<\/td>\n<td>BOROWICA<\/td>\n<td>Ksp ,Kcz, Psp, Pcz, Strz<\/td>\n<td><a class=\"btn-regulamin\" href=\"http:\/\/REGULAMIN\">REGULAMIN<\/a><\/td>\n<td><a class=\"btn-komunikat\" href=\"http:\/\/KOMUNIKAT\">KOMUNIKAT<\/a><\/td>\n<td><a href=\"https:\/\/skoczek.com\/przykladowa-strona\/zapisy-dla-sedziow-zawodow\/\" data-type=\"page\" data-id=\"3162\">ZAPISY<\/a><\/td>\n<\/tr>\n<tr>\n<td>4<\/td>\n<td>PUCHAR WIOSNY 2026 CZ. II<\/td>\n<td>31-05-2026<\/td>\n<td>BOROWICA<\/td>\n<td>Ksp ,Kcz, Psp, Pcz, Strz<\/td>\n<td><a class=\"btn-regulamin\" href=\"http:\/\/REGULAMIN\">REGULAMIN<\/a><\/td>\n<td><a class=\"btn-komunikat\" href=\"http:\/\/KOMUNIKAT\">KOMUNIKAT<\/a><\/td>\n<td><a href=\"https:\/\/skoczek.com\/przykladowa-strona\/zapisy-dla-sedziow-zawodow\/\" data-type=\"page\" data-id=\"3162\">ZAPISY<\/a><\/td>\n<\/tr>\n<tr>\n<td>5<\/td>\n<td>PUCHAR WIOSNY 2026 CZ. III<\/td>\n<td>21-06-2026<\/td>\n<td>BOROWICA<\/td>\n<td>Ksp ,Kcz, Psp, Pcz, Strz<\/td>\n<td><a class=\"btn-regulamin\" href=\"http:\/\/REGULAMIN\">REGULAMIN<\/a><\/td>\n<td><a class=\"btn-komunikat\" href=\"http:\/\/KOMUNIKAT\">KOMUNIKAT<\/a><\/td>\n<td><a href=\"https:\/\/skoczek.com\/przykladowa-strona\/zapisy-dla-sedziow-zawodow\/\" data-type=\"page\" data-id=\"3162\">ZAPISY<\/a><\/td>\n<\/tr>\n<tr>\n<td>6<\/td>\n<td>PUCHAR LATA 2026 CZ . I<\/td>\n<td>28-06-2026<\/td>\n<td>BOROWICA<\/td>\n<td>Ksp ,Kcz, Psp, Pcz, Strz<\/td>\n<td><a class=\"btn-regulamin\" href=\"http:\/\/REGULAMIN\">REGULAMIN<\/a><\/td>\n<td><a class=\"btn-komunikat\" href=\"http:\/\/KOMUNIKAT\">KOMUNIKAT<\/a><\/td>\n<td><a href=\"https:\/\/skoczek.com\/przykladowa-strona\/zapisy-dla-sedziow-zawodow\/\" data-type=\"page\" data-id=\"3162\">ZAPISY<\/a><\/td>\n<\/tr>\n<tr>\n<td>7<\/td>\n<td>PUCHAR LATA 2026 CZ . II<\/td>\n<td>12-07-2026<\/td>\n<td>BOROWICA<\/td>\n<td>Ksp ,Kcz, Psp, Pcz, Strz<\/td>\n<td><a class=\"btn-regulamin\" href=\"http:\/\/REGULAMIN\">REGULAMIN<\/a><\/td>\n<td><a class=\"btn-komunikat\" href=\"http:\/\/KOMUNIKAT\">KOMUNIKAT<\/a><\/td>\n<td><a href=\"https:\/\/skoczek.com\/przykladowa-strona\/zapisy-dla-sedziow-zawodow\/\" data-type=\"page\" data-id=\"3162\">ZAPISY<\/a><\/td>\n<\/tr>\n<tr>\n<td>8<\/td>\n<td>PUCHAR LATA 2026 CZ . III<\/td>\n<td>26-07-2026<\/td>\n<td>BOROWICA<\/td>\n<td>Ksp ,Kcz, Psp, Pcz, Strz<\/td>\n<td><a class=\"btn-regulamin\" href=\"http:\/\/REGULAMIN\">REGULAMIN<\/a><\/td>\n<td><a class=\"btn-komunikat\" href=\"http:\/\/KOMUNIKAT\">KOMUNIKAT<\/a><\/td>\n<td><a href=\"https:\/\/skoczek.com\/przykladowa-strona\/zapisy-dla-sedziow-zawodow\/\" data-type=\"page\" data-id=\"3162\">ZAPISY<\/a><\/td>\n<\/tr>\n<tr>\n<td>9<\/td>\n<td>PUCHAR \u015aWI\u0118TA WOJSKA POLSKIEGO 2026<\/td>\n<td>9-08-2026<\/td>\n<td>BOROWICA<\/td>\n<td>Ksp ,Kcz, Psp, Pcz, Strz<\/td>\n<td><a class=\"btn-regulamin\" href=\"http:\/\/REGULAMIN\">REGULAMIN<\/a><\/td>\n<td><a class=\"btn-komunikat\" href=\"http:\/\/KOMUNIKAT\">KOMUNIKAT<\/a><\/td>\n<td><a href=\"https:\/\/skoczek.com\/przykladowa-strona\/zapisy-dla-sedziow-zawodow\/\" data-type=\"page\" data-id=\"3162\">ZAPISY<\/a><\/td>\n<\/tr>\n<tr>\n<td>10<\/td>\n<td>PUCHAR JESIENI 2026 CZ. I<\/td>\n<td>23-08-2026<\/td>\n<td>BOROWICA<\/td>\n<td>Ksp ,Kcz, Psp, Pcz, Strz<\/td>\n<td><a class=\"btn-regulamin\" href=\"http:\/\/REGULAMIN\">REGULAMIN<\/a><\/td>\n<td><a class=\"btn-komunikat\" href=\"http:\/\/KOMUNIKAT\">KOMUNIKAT<\/a><\/td>\n<td><a href=\"https:\/\/skoczek.com\/przykladowa-strona\/zapisy-dla-sedziow-zawodow\/\" data-type=\"page\" data-id=\"3162\">ZAPISY<\/a><\/td>\n<\/tr>\n<tr>\n<td>11<\/td>\n<td>PUCHAR JESIENI 2026 CZ. II<\/td>\n<td>6-09-2026<\/td>\n<td>BOROWICA<\/td>\n<td>Ksp ,Kcz, Psp, Pcz, Strz<\/td>\n<td><a class=\"btn-regulamin\" href=\"http:\/\/REGULAMIN\">REGULAMIN<\/a><\/td>\n<td><a class=\"btn-komunikat\" href=\"http:\/\/KOMUNIKAT\">KOMUNIKAT<\/a><\/td>\n<td><a href=\"https:\/\/skoczek.com\/przykladowa-strona\/zapisy-dla-sedziow-zawodow\/\" data-type=\"page\" data-id=\"3162\">ZAPISY<\/a><\/td>\n<\/tr>\n<tr>\n<td>12<\/td>\n<td>PUCHAR JESIENI 2026 CZ. III<\/td>\n<td>20-09-2026<\/td>\n<td>BOROWICA<\/td>\n<td>Ksp ,Kcz, Psp, Pcz, Strz<\/td>\n<td><a class=\"btn-regulamin\" href=\"http:\/\/REGULAMIN\">REGULAMIN<\/a><\/td>\n<td><a class=\"btn-komunikat\" href=\"http:\/\/KOMUNIKAT\">KOMUNIKAT<\/a><\/td>\n<td><a href=\"https:\/\/skoczek.com\/przykladowa-strona\/zapisy-dla-sedziow-zawodow\/\" data-type=\"page\" data-id=\"3162\">ZAPISY<\/a><\/td>\n<\/tr>\n<tr>\n<td>13<\/td>\n<td>PUCHAR JESIENI 2026 CZ. IV<\/td>\n<td>4-10-2026<\/td>\n<td>BOROWICA<\/td>\n<td>Ksp ,Kcz, Psp, Pcz, Strz<\/td>\n<td><a class=\"btn-regulamin\" href=\"http:\/\/REGULAMIN\">REGULAMIN<\/a><\/td>\n<td><a class=\"btn-komunikat\" href=\"http:\/\/KOMUNIKAT\">KOMUNIKAT<\/a><\/td>\n<td><a href=\"https:\/\/skoczek.com\/przykladowa-strona\/zapisy-dla-sedziow-zawodow\/\" data-type=\"page\" data-id=\"3162\">ZAPISY<\/a><\/td>\n<\/tr>\n<tr>\n<td>14<\/td>\n<td>PUCHAR NARODOWEGO \u015aWI\u0118TA NIEPODLEG\u0141O\u015aCI 2026<\/td>\n<td>18-10-2026<\/td>\n<td>BOROWICA<\/td>\n<td>Ksp ,Kcz, Psp, Pcz, Strz<\/td>\n<td><a class=\"btn-regulamin\" href=\"http:\/\/REGULAMIN\">REGULAMIN<\/a><\/td>\n<td><a class=\"btn-komunikat\" href=\"http:\/\/KOMUNIKAT\">KOMUNIKAT<\/a><\/td>\n<td><a href=\"https:\/\/skoczek.com\/przykladowa-strona\/zapisy-dla-sedziow-zawodow\/\" data-type=\"page\" data-id=\"3162\">ZAPISY<\/a><\/td>\n<\/tr>\n<tr>\n<td>15<\/td>\n<td>PUCHAR MIKO\u0141AJA 2026<\/td>\n<td>6-12-2026<\/td>\n<td>BOROWICA<\/td>\n<td>Ksp ,Kcz, Psp, Pcz, Strz<\/td>\n<td><a class=\"btn-regulamin\" href=\"http:\/\/REGULAMIN\">REGULAMIN<\/a><\/td>\n<td><a class=\"btn-komunikat\" href=\"http:\/\/KOMUNIKAT\">KOMUNIKAT<\/a><\/td>\n<td><a href=\"https:\/\/skoczek.com\/przykladowa-strona\/zapisy-dla-sedziow-zawodow\/\" data-type=\"page\" data-id=\"3162\">ZAPISY<\/a><\/td>\n<\/tr>\n<\/tbody>\n<\/table>\n<\/figure>\n\n<p>\u00a0<\/p>\n\t\t\t\t\t\t\t\t<\/div>\n\t\t\t\t\t<\/div>\n\t\t\t\t<\/div>\n\t\t\t\t<\/div>\n\t\t","protected":false},"excerpt":{"rendered":"<p>\u00a0 \u00a0 \u00a0 \u00a0 \u00a0 \u00a0 \u00a0 \u00a0 Lp Nazwa zawod\u00f3w Termin Strzelnica Konkurencje Regulamin Komunikat Obs\u0142uga zawod\u00f3w 1 PUCHAR<\/p>\n","protected":false},"author":50,"featured_media":0,"parent":0,"menu_order":0,"comment_status":"closed","ping_status":"closed","template":"template-fullwidth.php","meta":{"_monsterinsights_skip_tracking":false,"_monsterinsights_sitenote_active":false,"_monsterinsights_sitenote_note":"","_monsterinsights_sitenote_category":0,"footnotes":""},"class_list":["post-2746","page","type-page","status-publish","hentry"],"publishpress_future_action":{"enabled":false,"date":"2026-05-06 22:27:30","action":"change-status","newStatus":"draft","terms":[],"taxonomy":"","extraData":[]},"publishpress_future_workflow_manual_trigger":{"enabledWorkflows":[]},"_links":{"self":[{"href":"http:\/\/skoczek.com\/przykladowa-strona\/wp-json\/wp\/v2\/pages\/2746","targetHints":{"allow":["GET"]}}],"collection":[{"href":"http:\/\/skoczek.com\/przykladowa-strona\/wp-json\/wp\/v2\/pages"}],"about":[{"href":"http:\/\/skoczek.com\/przykladowa-strona\/wp-json\/wp\/v2\/types\/page"}],"author":[{"embeddable":true,"href":"http:\/\/skoczek.com\/przykladowa-strona\/wp-json\/wp\/v2\/users\/50"}],"replies":[{"embeddable":true,"href":"http:\/\/skoczek.com\/przykladowa-strona\/wp-json\/wp\/v2\/comments?post=2746"}],"version-history":[{"count":21,"href":"http:\/\/skoczek.com\/przykladowa-strona\/wp-json\/wp\/v2\/pages\/2746\/revisions"}],"predecessor-version":[{"id":3174,"href":"http:\/\/skoczek.com\/przykladowa-strona\/wp-json\/wp\/v2\/pages\/2746\/revisions\/3174"}],"wp:attachment":[{"href":"http:\/\/skoczek.com\/przykladowa-strona\/wp-json\/wp\/v2\/media?parent=2746"}],"curies":[{"name":"wp","href":"https:\/\/api.w.org\/{rel}","templated":true}]}}