{"id":2464,"date":"2025-07-08T09:10:50","date_gmt":"2025-07-08T07:10:50","guid":{"rendered":"http:\/\/skoczek.com\/?page_id=2464"},"modified":"2025-07-08T10:08:39","modified_gmt":"2025-07-08T08:08:39","slug":"szkolenie-do-patentu","status":"publish","type":"page","link":"http:\/\/skoczek.com\/przykladowa-strona\/szkolenie-do-patentu\/","title":{"rendered":"Szkolenie do patentu"},"content":{"rendered":"\n<h2 class=\"wp-block-heading\">Przygotowanie do patentu.<\/h2>\n\n\n\n<p>W dniach 26.07.2025 oraz 09.08.2025 b\u0119d\u0105 zorganizowane spotkania przygotowuj\u0105ce do egzaminu na patent strzelecki<\/p>\n\n\n\n<p> Osoby, kt\u00f3re chc\u0105 uczestniczy\u0107 w takich zaj\u0119ciach proszone s\u0105 o zg\u0142aszanie si\u0119 za pomoc\u0105 wiadomo\u015bci email na adres: info.ksspatron@gmail.com lub sms pod nr 501626021 <\/p>\n\n\n\n<p>\n\nWi\u0119cej szczeg\u00f3\u0142\u00f3w wkr\u00f3tce\n\n<\/p>\n","protected":false},"excerpt":{"rendered":"<p>Przygotowanie do patentu. W dniach 26.07.2025 oraz 09.08.2025 b\u0119d\u0105 zorganizowane spotkania przygotowuj\u0105ce do egzaminu na patent strzelecki Osoby, kt\u00f3re chc\u0105<\/p>\n","protected":false},"author":50,"featured_media":0,"parent":0,"menu_order":0,"comment_status":"closed","ping_status":"closed","template":"","meta":{"_monsterinsights_skip_tracking":false,"_monsterinsights_sitenote_active":false,"_monsterinsights_sitenote_note":"","_monsterinsights_sitenote_category":0,"footnotes":""},"class_list":["post-2464","page","type-page","status-publish","hentry"],"publishpress_future_action":{"enabled":false,"date":"2026-05-06 22:22:20","action":"change-status","newStatus":"draft","terms":[],"taxonomy":"","extraData":[]},"publishpress_future_workflow_manual_trigger":{"enabledWorkflows":[]},"_links":{"self":[{"href":"http:\/\/skoczek.com\/przykladowa-strona\/wp-json\/wp\/v2\/pages\/2464","targetHints":{"allow":["GET"]}}],"collection":[{"href":"http:\/\/skoczek.com\/przykladowa-strona\/wp-json\/wp\/v2\/pages"}],"about":[{"href":"http:\/\/skoczek.com\/przykladowa-strona\/wp-json\/wp\/v2\/types\/page"}],"author":[{"embeddable":true,"href":"http:\/\/skoczek.com\/przykladowa-strona\/wp-json\/wp\/v2\/users\/50"}],"replies":[{"embeddable":true,"href":"http:\/\/skoczek.com\/przykladowa-strona\/wp-json\/wp\/v2\/comments?post=2464"}],"version-history":[{"count":7,"href":"http:\/\/skoczek.com\/przykladowa-strona\/wp-json\/wp\/v2\/pages\/2464\/revisions"}],"predecessor-version":[{"id":2485,"href":"http:\/\/skoczek.com\/przykladowa-strona\/wp-json\/wp\/v2\/pages\/2464\/revisions\/2485"}],"wp:attachment":[{"href":"http:\/\/skoczek.com\/przykladowa-strona\/wp-json\/wp\/v2\/media?parent=2464"}],"curies":[{"name":"wp","href":"https:\/\/api.w.org\/{rel}","templated":true}]}}