{"id":131,"date":"2014-04-13T20:27:35","date_gmt":"2014-04-13T18:27:35","guid":{"rendered":"http:\/\/patr_wp.deimos.org.pl\/?page_id=131"},"modified":"2026-01-07T10:46:12","modified_gmt":"2026-01-07T09:46:12","slug":"dokumenty","status":"publish","type":"page","link":"http:\/\/skoczek.com\/przykladowa-strona\/dokumenty\/","title":{"rendered":"Dokumenty do pobrania"},"content":{"rendered":"<p><strong>Deklaracja cz\u0142onkowska KSS PATRON<\/strong>; pobierz: <a href=\"http:\/\/skoczek.com\/wp-content\/uploads\/2025\/01\/Druk-deklaracji_NOWA-2na-A4-1.pdf\">deklaracja cz\u0142onkowska<\/a><\/p>\n<p><strong>Deklaracja cz\u0142onkowska KSS PATRON &#8211; zgoda rodzica\/ opiekuna prawnego<\/strong>; pobierz:\u00a0<a href=\"http:\/\/skoczek.com\/wp-content\/uploads\/2024\/12\/Druk-deklaracji_Zgoda-prawnego-opiekuna.pdf\">zgoda rodzica\/ opiekuna prawnego<\/a><\/p>\n<p><strong>Statut KSS PATRON;<\/strong> pobierz: <a href=\"http:\/\/skoczek.com\/wp-content\/uploads\/2018\/06\/STATUT_KSS_PATRON.pdf\">statut stowarzyszenia<\/a><\/p>\n<p><strong>Umowa kupna-sprzeda\u017cy broni;<\/strong> pobierz: <a href=\"http:\/\/skoczek.com\/wp-content\/uploads\/2014\/04\/umowa-kupna-sprzeda\u017cy-broni.pdf\">umowa kupna-sprzeda\u017cy broni<\/a><\/p>\n<p><strong>Umowa u\u017cyczenia broni;<\/strong> pobierz: <a href=\"http:\/\/skoczek.com\/wp-content\/uploads\/2014\/04\/umowa-u\u017cyczenia-broni.pdf\">umowa u\u017cyczenia broni<\/a><\/p>\n<p><strong>Ustawa o Broni i Amunicji;<\/strong> pobierz: <a href=\"http:\/\/skoczek.com\/wp-content\/uploads\/2014\/04\/UOBiA.pdf\">UOBiA<\/a><\/p>\n<p><strong>Pouczenie KPA i Obowi\u0105zek informacyjny RODO<\/strong>; pobierz: <a href=\"http:\/\/skoczek.com\/wp-content\/uploads\/2025\/05\/POUCZENIA_RODO__IMI__KPA.pdf\">Pouczenie KPA i RODO<\/a><\/p>\n<p><strong>Wniosek o wydanie decyzji \u2013 pozwolenia na posiadanie broni sportowej do cel\u00f3w sportowych; <\/strong>pobierz: <a href=\"http:\/\/skoczek.com\/wp-content\/uploads\/2025\/05\/WNIOSEK-BRO\u0143-SPORTOWA-1.docx\">Wniosek o wydanie decyzji<\/a><\/p>\n<p><strong>Wniosek o wydanie decyzji \u2013 pozwolenia na posiadanie broni sportowej do cel\u00f3w kolekcjonerskich; <\/strong>pobierz: <a href=\"http:\/\/skoczek.com\/wp-content\/uploads\/2025\/05\/WNIOSEK-BRON-SPORTOWO-KOLEKCJONERSKA.docx\">Wniosek o wydanie decyzji<\/a><\/p>\n<p><strong>Wniosek o wydanie decyzji \u2013 dopuszczenie do posiadania broni palnej sportowej podczas uczestnictwa, organizacji lub przeprowadzania strzeleckich zawod\u00f3w sportowych.; <\/strong>pobierz: <a href=\"http:\/\/skoczek.com\/wp-content\/uploads\/2025\/05\/WNIOSEK-DOPUSZCZENIE.doc\">Wniosek o wydanie decyzji<\/a><\/p>\n","protected":false},"excerpt":{"rendered":"<p>Deklaracja cz\u0142onkowska KSS PATRON; pobierz: deklaracja cz\u0142onkowska Deklaracja cz\u0142onkowska KSS PATRON &#8211; zgoda rodzica\/ opiekuna prawnego; pobierz:\u00a0zgoda rodzica\/ opiekuna prawnego<\/p>\n","protected":false},"author":1,"featured_media":0,"parent":0,"menu_order":0,"comment_status":"open","ping_status":"closed","template":"","meta":{"_monsterinsights_skip_tracking":false,"_monsterinsights_sitenote_active":false,"_monsterinsights_sitenote_note":"","_monsterinsights_sitenote_category":0,"footnotes":""},"class_list":["post-131","page","type-page","status-publish","hentry"],"publishpress_future_action":{"enabled":false,"date":"2026-05-08 12:22:51","action":"change-status","newStatus":"draft","terms":[],"taxonomy":"","extraData":[]},"publishpress_future_workflow_manual_trigger":{"enabledWorkflows":[]},"_links":{"self":[{"href":"http:\/\/skoczek.com\/przykladowa-strona\/wp-json\/wp\/v2\/pages\/131","targetHints":{"allow":["GET"]}}],"collection":[{"href":"http:\/\/skoczek.com\/przykladowa-strona\/wp-json\/wp\/v2\/pages"}],"about":[{"href":"http:\/\/skoczek.com\/przykladowa-strona\/wp-json\/wp\/v2\/types\/page"}],"author":[{"embeddable":true,"href":"http:\/\/skoczek.com\/przykladowa-strona\/wp-json\/wp\/v2\/users\/1"}],"replies":[{"embeddable":true,"href":"http:\/\/skoczek.com\/przykladowa-strona\/wp-json\/wp\/v2\/comments?post=131"}],"version-history":[{"count":44,"href":"http:\/\/skoczek.com\/przykladowa-strona\/wp-json\/wp\/v2\/pages\/131\/revisions"}],"predecessor-version":[{"id":3028,"href":"http:\/\/skoczek.com\/przykladowa-strona\/wp-json\/wp\/v2\/pages\/131\/revisions\/3028"}],"wp:attachment":[{"href":"http:\/\/skoczek.com\/przykladowa-strona\/wp-json\/wp\/v2\/media?parent=131"}],"curies":[{"name":"wp","href":"https:\/\/api.w.org\/{rel}","templated":true}]}}