{"id":127,"date":"2014-04-13T20:13:39","date_gmt":"2014-04-13T18:13:39","guid":{"rendered":"http:\/\/patr_wp.deimos.org.pl\/?page_id=127"},"modified":"2014-05-07T19:49:16","modified_gmt":"2014-05-07T17:49:16","slug":"przepisy-bezpieczenstwa","status":"publish","type":"page","link":"http:\/\/skoczek.com\/przykladowa-strona\/przepisy-bezpieczenstwa\/","title":{"rendered":"Przepisy bezpiecze\u0144stwa"},"content":{"rendered":"<p><strong>PRZEPISY BEZPIECZE\u0143STWA W STRZELECTWIE SPORTOWYM \u2013 OBOWI\u0104ZUJ\u0104CE NA STRZELNICY<\/strong><\/p>\n<p>1. Ka\u017cd\u0105 broni\u0105 nale\u017cy zawsze pos\u0142ugiwa\u0107 si\u0119 z najwy\u017csz\u0105 ostro\u017cno\u015bci\u0105 i traktowa\u0107 j\u0105 jak za\u0142adowan\u0105.<br \/>\n2. Nigdy nie kieruj wylotu lufy karabinu lub pistoletu w kierunku ludzi.<br \/>\n3. Ka\u017cdorazowo po pobraniu broni do r\u0119ki, sprawd\u017a czy jest roz\u0142adowana (najpierw skieruj j\u0105 w bezpieczne miejsce, od\u0142\u0105cz magazynek, nast\u0119pnie sprawd\u017a komor\u0119 nabojow\u0105)<br \/>\n4. W czasie odpoczynk\u00f3w i innych przerw w strzelaniu nigdy nie odk\u0142adaj broni za\u0142adowanej.<br \/>\n5. Na strzelnicy bro\u0144 przeno\u015b zawsze roz\u0142adowan\u0105, zabezpieczon\u0105 i schowan\u0105 w kaburze, pokrowcu lub kasecie przeznaczonej do przenoszenia broni.<br \/>\n6. Wyjmowanie broni odbywa si\u0119 wy\u0142\u0105cznie na stanowisku strzeleckim lub treningowym tylko na polecenie prowadz\u0105cego strzelanie lub trening strzelecki.<br \/>\n7. Poza strzelnic\u0105 lub magazynem, bro\u0144 przeno\u015b w spos\u00f3b wykluczaj\u0105cy jej samoczynne zadzia\u0142anie.<br \/>\n8. Nigdy nie pozostawiaj broni bez dozoru.<br \/>\n9. Bro\u0144 \u0142aduj wy\u0142\u0105cznie na stanowisku strzeleckim na linii ognia, luf\u0105 skierowan\u0105 w kulochwyt, prostopadle do linii tarcz i tylko po komendzie prowadz\u0105cego \u0141ADUJ lub START.<br \/>\n10. Przy \u0142adowaniu broni nie korzystaj z pomocy innych os\u00f3b.<br \/>\n11. W czasie \u0142adowania i strzelania wylot lufy musi znajdowa\u0107 si\u0119 przed lini\u0105 ognia\u00a0 (patrz\u0105c od linii tarcz), przestrzegaj\u0105c jednocze\u015bnie przepis\u00f3w dotycz\u0105cych postaw strzeleckich.<br \/>\n12. Po komendzie S T O P wydanej przez prowadz\u0105cego strzelanie lub inn\u0105 osob\u0119, strzelaj\u0105cy bezzw\u0142ocznie przerywa strzelanie.<br \/>\n13. W przypadku gdy kontynuowanie strzelania b\u0119dzie zagra\u017ca\u0142o \u017cyciu ludzi, komend\u0119 STOP powinien wyda\u0107 ka\u017cdy, kto pierwszy zauwa\u017cy niebezpiecze\u0144stwo.<br \/>\n14. Komenda roz\u0142aduj, nakazuje natychmiast roz\u0142adowa\u0107 bro\u0144 i z widoczn\u0105, pust\u0105 komor\u0105 nabojow\u0105 umie\u015bci\u0107 na stanowisku strzeleckim.<br \/>\n15. Nigdy nie strzelaj z broni niesprawnej i nie zapewniaj\u0105cej bezpiecze\u0144stwa.<br \/>\n16. Zabronione jest dotykanie cudzej broni bez zezwolenia u\u017cytkownika lub w\u0142a\u015bciciela.<br \/>\n17. W czasie trwania strzelania zabronione jest wychodzenie przed lini\u0119 ognia.<br \/>\n18. Po zako\u0144czeniu strzelania, przed opuszczeniem stanowiska strzeleckiego, bro\u0144 musi by\u0107 roz\u0142adowana i odpowiednio do jej typu zabezpieczona.<br \/>\n19. Zanim opu\u015bcisz stanowisko, upewnij si\u0119, czy w komorze nabojowej i magazynku nie pozosta\u0142 nab\u00f3j, nast\u0119pnie przedstaw roz\u0142adowan\u0105 bro\u0144 do kontroli prowadz\u0105cemu strzelanie i odpowiednio j\u0105 zabezpiecz.<br \/>\n20. Sk\u0142adanie si\u0119, celowanie i strzelanie \u201e na sucho \u201d dozwolone jest na stanowisku strzeleckim lub tylko w miejscach do tego wyznaczonych.<br \/>\n21. Na strzelnicy nie mo\u017cna celowa\u0107 i strzela\u0107 do ludzi, ptak\u00f3w i zwierz\u0105t jak r\u00f3wnie\u017c do przedmiot\u00f3w znajduj\u0105cych si\u0119 poza kulochwytem.<br \/>\n22. Naprawy, regulacje i czyszczenie broni poci\u0105gaj\u0105ce za sob\u0105 konieczno\u015b\u0107 rozk\u0142adania jej, nale\u017cy dokonywa\u0107 w miejscach do tego wyznaczonych.<br \/>\n23. Wszyscy strzelcy i inne osoby znajduj\u0105ce si\u0119 w bezpo\u015brednim s\u0105siedztwie linii ognia powinny u\u017cywa\u0107 wk\u0142adek, nausznik\u00f3w lub innych urz\u0105dze\u0144 s\u0142u\u017c\u0105cych ochronie s\u0142uchu.<br \/>\n24. Zabronione jest u\u017cywanie przez strzelc\u00f3w w czasie strzelania, ochraniaczy s\u0142uchu pod\u0142\u0105czonych do jakichkolwiek urz\u0105dze\u0144 odbiorczych.<br \/>\n25. Na strzelnicy, posiadacze telefon\u00f3w kom\u00f3rkowych powinni w swoich aparatach wy\u0142\u0105czy\u0107 sygna\u0142y d\u017awi\u0119kowe.<br \/>\n26. Podczas strzelania wszyscy strzelcy powinni u\u017cywa\u0107 bezodpryskowych okular\u00f3w strzeleckich lub innych podobnych \u015brodk\u00f3w ochronnych.<br \/>\n27. Na strzelnicy zabrania si\u0119 palenia tytoniu, spo\u017cywania alkoholu lub u\u017cywania \u015brodk\u00f3w odurzaj\u0105cych oraz przebywania na terenie os\u00f3b b\u0119d\u0105cych pod ich wp\u0142ywem.<br \/>\n28. Na teren strzelnicy zwierz\u0119ta mog\u0105 by\u0107 wprowadzone tylko w wyj\u0105tkowych przypadkach oraz obowi\u0105zkowo powinny by\u0107 trzymane na uwi\u0119zi i pod \u015bcis\u0142ym nadzorem opiekuna.<br \/>\n29. Osob\u0119 naruszaj\u0105c\u0105 regulamin strzelnicy usuwa si\u0119 ze strzelnicy.<\/p>\n","protected":false},"excerpt":{"rendered":"<p>PRZEPISY BEZPIECZE\u0143STWA W STRZELECTWIE SPORTOWYM \u2013 OBOWI\u0104ZUJ\u0104CE NA STRZELNICY 1. Ka\u017cd\u0105 broni\u0105 nale\u017cy zawsze pos\u0142ugiwa\u0107 si\u0119 z najwy\u017csz\u0105 ostro\u017cno\u015bci\u0105 i<\/p>\n","protected":false},"author":1,"featured_media":0,"parent":0,"menu_order":0,"comment_status":"open","ping_status":"closed","template":"","meta":{"_monsterinsights_skip_tracking":false,"_monsterinsights_sitenote_active":false,"_monsterinsights_sitenote_note":"","_monsterinsights_sitenote_category":0,"footnotes":""},"class_list":["post-127","page","type-page","status-publish","hentry"],"publishpress_future_action":{"enabled":false,"date":"2026-05-06 22:16:06","action":"change-status","newStatus":"draft","terms":[],"taxonomy":"","extraData":[]},"publishpress_future_workflow_manual_trigger":{"enabledWorkflows":[]},"_links":{"self":[{"href":"http:\/\/skoczek.com\/przykladowa-strona\/wp-json\/wp\/v2\/pages\/127","targetHints":{"allow":["GET"]}}],"collection":[{"href":"http:\/\/skoczek.com\/przykladowa-strona\/wp-json\/wp\/v2\/pages"}],"about":[{"href":"http:\/\/skoczek.com\/przykladowa-strona\/wp-json\/wp\/v2\/types\/page"}],"author":[{"embeddable":true,"href":"http:\/\/skoczek.com\/przykladowa-strona\/wp-json\/wp\/v2\/users\/1"}],"replies":[{"embeddable":true,"href":"http:\/\/skoczek.com\/przykladowa-strona\/wp-json\/wp\/v2\/comments?post=127"}],"version-history":[{"count":2,"href":"http:\/\/skoczek.com\/przykladowa-strona\/wp-json\/wp\/v2\/pages\/127\/revisions"}],"predecessor-version":[{"id":130,"href":"http:\/\/skoczek.com\/przykladowa-strona\/wp-json\/wp\/v2\/pages\/127\/revisions\/130"}],"wp:attachment":[{"href":"http:\/\/skoczek.com\/przykladowa-strona\/wp-json\/wp\/v2\/media?parent=127"}],"curies":[{"name":"wp","href":"https:\/\/api.w.org\/{rel}","templated":true}]}}