{"id":117,"date":"2014-04-13T19:07:33","date_gmt":"2014-04-13T17:07:33","guid":{"rendered":"http:\/\/patr_wp.deimos.org.pl\/?page_id=117"},"modified":"2014-05-07T19:48:47","modified_gmt":"2014-05-07T17:48:47","slug":"regulamin-strzelnicy","status":"publish","type":"page","link":"http:\/\/skoczek.com\/przykladowa-strona\/regulamin-strzelnicy\/","title":{"rendered":"Regulamin strzelnicy"},"content":{"rendered":"<p style=\"text-align: left;\"><strong>REGULAMIN<\/strong><br \/>\n<strong> BEZPIECZE\u0143STA I U\u017bYTKOWANIA STRZELNICY<\/strong><\/p>\n<p><em>Opis og\u00f3lny strzelnicy.<\/em><br \/>\n1. Strzelnica usytuowana jest w miejscowo\u015bci Borowica gm. \u0141opiennik G\u00f3rny , na dzia\u0142ce nr: 2956<br \/>\n2. Strzelnica jest obiektem sportowym otwartym, przeznaczonym do prowadzenia szkole\u0144, trening\u00f3w, zawod\u00f3w i rekreacji. Mo\u017ce by\u0107 udost\u0119pniona osobom posiadaj\u0105cym w\u0142asn\u0105 bro\u0144, jak te\u017c dysponuj\u0105cym broni\u0105 na podstawie innych przepis\u00f3w.<br \/>\n3. Dozwolone jest strzelanie z broni: pneumatycznej, kulowej palnej bocznego i centralnego zap\u0142onu, broni g\u0142adko lufowej\u00a0 oraz broni czarnoprochowej. Liczba krytych stanowisk \u2013 8. Maksymalna odleg\u0142o\u015b\u0107, z kt\u00f3rej mo\u017cna prowadzi\u0107 strzelanie to 50m dla wszystkich wymienionych rodzaj\u00f3w broni.<br \/>\n4. Na strzelnicy, w miejscu widocznym, umieszcza si\u0119:<br \/>\nRegulamin strzelnicy.<br \/>\nPrzepisy bezpiecze\u0144stwa w pos\u0142ugiwaniu si\u0119 broni\u0105.<br \/>\nDecyzj\u0119 o dopuszczeniu strzelnicy do u\u017cytkowania.<br \/>\nPlan strzelnicy.<br \/>\nWykaz numer\u00f3w alarmowych.<\/p>\n<p><em>Zadania strzelnicy<\/em><br \/>\n1. Piel\u0119gnacja tradycji strzelectwa sportowego.<br \/>\n2. Nauka strzelania.<br \/>\n3. Doskonalenie umiej\u0119tno\u015bci strzeleckich.<br \/>\n4. Podnoszenie kultury strzeleckiej, oraz wsp\u00f3\u0142zawodnictwa sportowego\u00a0\u00a0 (zawody, treningi).<br \/>\n5. Sprawdzanie i testowanie broni.<\/p>\n<p><em>Ze strzelnicy mog\u0105 korzysta\u0107<\/em><br \/>\n1. Osoby posiadaj\u0105ce w\u0142asn\u0105 bro\u0144 z wa\u017cnym pozwoleniem.<br \/>\n2. Osoby pe\u0142noletnie posiadaj\u0105ce wa\u017cny dow\u00f3d to\u017csamo\u015bci.<br \/>\n3. Osoby niepe\u0142noletnie w obecno\u015bci instruktora, trenera, rodzic\u00f3w lub opiekun\u00f3w lub za ich pisemn\u0105 zgod\u0105.<br \/>\n4. Funkcjonariusze Policji, S\u0142u\u017cby Wi\u0119ziennej, Ochrony, Stra\u017cy Granicznej\u00a0 i innych s\u0142u\u017cb mundurowych, z broni s\u0142u\u017cbowej b\u0105d\u017a obiektowej, po okazaniu wa\u017cnej legitymacji.<br \/>\n5. Zorganizowane grupy strzelaj\u0105cych z w\u0142asnym &#8222;prowadz\u0105cym strzelanie&#8221; pod warunkiem przedstawienia imiennej listy strzelaj\u0105cych. Lista ta winna zawiera\u0107 dane zgodne z Rozporz\u0105dzeniem Ministra Spraw Wewn\u0119trznych i Administracji z dnia 15.03.2000r.\u00a0 rozdz. 1, p.1.3. (Dz. U. Nr 18 , poz. 234).<br \/>\n6. Wszystkie osoby korzystaj\u0105ce indywidualnie ze strzelnicy powinny mie\u0107 pisemn\u0105 zgod\u0119 w\u0142a\u015bciciela, b\u0105d\u017a zarz\u0105dcy obiektu.<\/p>\n<p><em>Dyscyplina i bezpiecze\u0144stwo na strzelnicy<\/em><br \/>\n1. Bezpiecze\u0144stwo strzelaj\u0105cych, obs\u0142ugi strzelnicy i publiczno\u015bci wymaga zachowania szczeg\u00f3lnej ostro\u017cno\u015bci podczas przenoszenia broni palnej, obchodzenia si\u0119 z ni\u0105, jak r\u00f3wnie\u017c poruszania si\u0119 po strzelnicy. Wa\u017cna jest przede wszystkim dyscyplina osobista. Obowi\u0105zkiem personelu jest zapewnienie bezpiecze\u0144stwa, a obowi\u0105zkiem strzelaj\u0105cych i oczekuj\u0105cych jest wsp\u00f3\u0142dzia\u0142anie w tym zakresie.<br \/>\n2. Bro\u0144 na strzelnicy mo\u017ce by\u0107 przenoszona tylko w stanie nie za\u0142adowanym\u00a0\u00a0\u00a0\u00a0\u00a0 i nie nabitym.<br \/>\n3. Bro\u0144 przed u\u017cytkowaniem na strzelnicy\u00a0 powinna znajdowa\u0107 si\u0119\u00a0\u00a0\u00a0\u00a0\u00a0\u00a0\u00a0\u00a0\u00a0\u00a0\u00a0\u00a0\u00a0\u00a0\u00a0 w futerale, kaburze, pokrowcu lub kasecie.<br \/>\n4.\u00a0 Poza stanowiskami strzeleckimi na terenie strzelnicy bro\u0144 d\u0142ug\u0105 przenosi si\u0119\u00a0 z luf\u0105 skierowan\u0105 do g\u00f3ry, z wylotem lufy ponad g\u0142ow\u0105, z otwartymi zamkami. Bro\u0144 \u0142amana musi mie\u0107 lufy otwarte i skierowane w d\u00f3\u0142<br \/>\n5. Bro\u0144 kr\u00f3tk\u0105 przenosi si\u0119 poza stanowiskami strzeleckimi tylko\u00a0\u00a0\u00a0\u00a0\u00a0\u00a0\u00a0\u00a0\u00a0\u00a0\u00a0\u00a0\u00a0\u00a0\u00a0\u00a0\u00a0\u00a0 w pude\u0142kach, kaburach lub innych pojemnikach.<br \/>\n6.\u00a0 Ka\u017cda bro\u0144 u\u017cywana na strzelnicy musi by\u0107 sprawna technicznie.<br \/>\n7. Zabrania si\u0119 dotykania lub u\u017cywania broni innych os\u00f3b korzystaj\u0105cych ze strzelnicy bez zgody jej u\u017cytkownika.<br \/>\n8. Osobom oczekuj\u0105cym na strzelanie lub widzom zabrania si\u0119 wchodzenie na\u00a0 stanowiska strzeleckie i prowadzenia g\u0142o\u015bnych rozm\u00f3w.<br \/>\n9. Wszystkie osoby znajduj\u0105ce si\u0119 na strzelnicy s\u0105 obowi\u0105zane do bezwzgl\u0119dnego wykonywania polece\u0144 os\u00f3b funkcyjnych.\u00a0\u00a0\u00a0\u00a0\u00a0\u00a0\u00a0\u00a0\u00a0\u00a0\u00a0\u00a0\u00a0\u00a0\u00a0\u00a0\u00a0\u00a0\u00a0\u00a0\u00a0\u00a0\u00a0 Na stanowiskach strzeleckich czynno\u015bci wykonuje si\u0119 wy\u0142\u0105cznie na komendy osoby prowadz\u0105cej strzelanie.<br \/>\n10. Wszystkie osoby, przebywaj\u0105ce na strzelnicy zobowi\u0105zuje si\u0119 do natychmiastowego zg\u0142oszenia powsta\u0142ych zagro\u017ce\u0144 osobom funkcyjnym.<br \/>\n11. Ka\u017cdy, kto stwierdzi , \u017ce dalsze strzelanie prowadzi do zagro\u017cenia \u017cycia lub zdrowia jest zobowi\u0105zany do przerwania strzelania g\u0142o\u015bn\u0105 komend\u0105 STOP, PRZERWIJ STRZELANIE oraz zg\u0142osi\u0107 przyczyn\u0119 swojej decyzji osobie funkcyjnej na strzelnicy. Wznowienie czynno\u015bci strzeleckich nast\u0119puje na komend\u0119 prowadz\u0105cego strzelanie.<\/p>\n<p><em>Bezpiecze\u0144stwo na stanowiskach strzeleckich<\/em><br \/>\n1. Wszelkie czynno\u015bci zwi\u0105zane z obs\u0142ug\u0105 broni dokonuje si\u0119 wy\u0142\u0105cznie na wyznaczonych do tego celu stanowiskach.<br \/>\n2. Wyjmowanie broni odbywa si\u0119 wy\u0142\u0105cznie na stanowisku strzeleckim tylko na polecenie prowadz\u0105cego strzelanie lub trening.<br \/>\n3. Korzystaj\u0105cy ze strzelnicy, z wyj\u0105tkiem os\u00f3b niepe\u0142nosprawnych, obowi\u0105zany jest do przestrzegania przepis\u00f3w postaw strzeleckich.<br \/>\n4. Bro\u0144 mo\u017ce by\u0107 za\u0142adowywana tylko na stanowisku ogniowym i po komendzie prowadz\u0105cego strzelanie: \u0141ADUJ lub START. Bro\u0144 mo\u017cna \u0142adowa\u0107 wy\u0142\u0105cznie po skierowaniu wylotu lufy w kierunku kulochwytu.<br \/>\n5. Za\u0142adowanej i nabitej broni nie mo\u017cna wypuszcza\u0107 z r\u0119ki, jak r\u00f3wnie\u017c\u00a0\u00a0\u00a0\u00a0\u00a0\u00a0\u00a0\u00a0\u00a0 w takim stanie odk\u0142ada\u0107 lub przekazywa\u0107 innej osobie.<br \/>\n6. Sk\u0142adanie si\u0119 do strza\u0142u i celowanie, dozwolone jest tylko na stanowisku ogniowym.<br \/>\n7. Strzelanie \u201ena sucho\u201d poza stanowiskiem strzeleckim jest zabronione.<br \/>\n8. W czasie strzelania obowi\u0105zuj\u0105ce s\u0105 komendy prowadz\u0105cego strzelanie:<br \/>\na) \u0141ADUJ \u2013 mo\u017cna \u0142adowa\u0107 magazynki broni wielostrza\u0142owej,<br \/>\nb) START \u2013 mo\u017cna rozpocz\u0105\u0107 strzelanie,<br \/>\nc) STOP \u2013 nale\u017cy bezwzgl\u0119dnie i natychmiast przerwa\u0107 strzelanie,<br \/>\nd) ROZ\u0141ADUJ \u2013 nale\u017cy bezwzgl\u0119dnie i natychmiast roz\u0142adowa\u0107 bro\u0144.<br \/>\nPo komendzie STOP i ROZ\u0141ADUJ, strzelaj\u0105cy musz\u0105 natychmiast przerwa\u0107 strzelanie i roz\u0142adowa\u0107 bro\u0144. Strzelanie mo\u017ce by\u0107 wznowione po odpowiedniej komendzie prowadz\u0105cego strzelanie. W trakcie szkolenia\u00a0\u00a0\u00a0\u00a0\u00a0\u00a0\u00a0\u00a0 i treningu zorganizowanych grup (policja, wojsko, s\u0142u\u017cby ochrony, uczniowie na zaj\u0119ciach) mo\u017cna stosowa\u0107 inne zestawy komend \u2013 specyficzne dla danej grupy.<br \/>\n9. W czasie strzelania zabronione jest wchodzenie os\u00f3b postronnych na teren stanowisk strzeleckich. Przebywa\u0107 tam mog\u0105 jedynie osoby strzelaj\u0105ce (na wyznaczonych stanowiskach) i prowadz\u0105ce strzelanie.<br \/>\n10. Zabrania si\u0119 wychodzenia przed stanowiska strzeleckie bez zgody prowadz\u0105cego strzelanie.<br \/>\n11. Opuszczanie stanowiska z broni\u0105 lub bez niej dozwolone jest tylko za zgod\u0105 prowadz\u0105cego strzelanie. Przed opuszczeniem stanowiska strzeleckiego, obowi\u0105zkiem strzelaj\u0105cego jest upewni\u0107 si\u0119, \u017ce jego bro\u0144 jest roz\u0142adowana. Powr\u00f3t strzelca na stanowisko musi by\u0107 zg\u0142oszony prowadz\u0105cemu strzelanie.<br \/>\n12. Po zako\u0144czeniu strzelania bro\u0144 nale\u017cy roz\u0142adowa\u0107, przedstawi\u0107 do kontroli\u00a0 prowadz\u0105cemu strzelanie oraz zabezpieczy\u0107.<br \/>\n13. Niesprawno\u015b\u0107 broni i amunicji nale\u017cy zg\u0142asza\u0107 natychmiast prowadz\u0105cemu strzelanie, g\u0142osem i poprzez podniesienie wolnej r\u0119ki, druga r\u0119ka ca\u0142y czas trzyma bro\u0144 skierowan\u0105 w kierunku kulochwytu. Strzelaj\u0105cym zabrania si\u0119 samodzielnego usuwania usterek, kt\u00f3re wynik\u0142y w czasie strzelania.<br \/>\n14. Na stanowiskach, strzelaj\u0105cym zabrania si\u0119 prowadzenia rozm\u00f3w mi\u0119dzy sob\u0105 lub z osobami na widowni, u\u017cywania urz\u0105dze\u0144 wytwarzaj\u0105cych d\u017awi\u0119k (radia, odtwarzacze, itp.) oraz telefon\u00f3w przeno\u015bnych.<\/p>\n<p><em>Obowi\u0105zki korzystaj\u0105cego ze strzelnicy<\/em><br \/>\n1. Zapozna\u0107 si\u0119 i bezwzgl\u0119dnie przestrzega\u0107 Regulaminu Strzelnicy oraz Przepis\u00f3w Bezpiecze\u0144stwa.<br \/>\n2. Dokona\u0107 czytelnego wpisu wymaganych danych do Ksi\u0105\u017cki rejestru pobytu na strzelnicy.<br \/>\n3. Bezwzgl\u0119dnie stosowa\u0107 si\u0119 do komend i polece\u0144 wydawanych przez prowadz\u0105cego strzelanie.<br \/>\n4. Tak kierowa\u0107 ogniem broni aby nie dopu\u015bci\u0107 do zagro\u017cenia bezpiecze\u0144stwa os\u00f3b przebywaj\u0105cych na strzelnicy i do uszkodze\u0144 urz\u0105dze\u0144<br \/>\n5. Nale\u017cy u\u017cywa\u0107 \u015brodk\u00f3w ochrony s\u0142uchu i wzroku. Ich posiadanie nale\u017cy do obowi\u0105zk\u00f3w strzelaj\u0105cego.<br \/>\n6. Bezwzgl\u0119dnie zda\u0107 niewykorzystan\u0105 amunicj\u0119 &#8211; w przypadku strzelania\u00a0\u00a0\u00a0 z broni obiektowej.<\/p>\n<p><em>Obowi\u0105zki prowadz\u0105cego strzelanie<\/em><br \/>\n1. Wyznacza korzystaj\u0105cemu ze strzelnicy stanowisko strzeleckie.<br \/>\n2. Osobom towarzysz\u0105cym wyznacza miejsce bezpiecznego pobytu.<br \/>\n3. Przeprowadza instrukta\u017c stanowiskowy bezpiecznego pos\u0142ugiwania si\u0119 broni\u0105, oraz instrukta\u017c strzelecki.<br \/>\n4. Nadzoruje przebieg strzelania.<br \/>\n5. Odp\u0142atnie przeprowadza nauk\u0119 strzelania i trening strzelecki.<br \/>\n6. Dokonuje przegl\u0105du broni.<br \/>\n7. Odpowiada za bezpiecze\u0144stwo u\u017cytkownik\u00f3w strzelnicy, oraz os\u00f3b towarzysz\u0105cych.<br \/>\n8. Prowadzi ksi\u0105\u017ck\u0119 rejestru pobytu na strzelnicy.<br \/>\nPostanowienia og\u00f3lne<br \/>\n1. Niezale\u017cnie od powy\u017cszych ustale\u0144 obowi\u0105zuj\u0105 r\u00f3wnie\u017c inne przepisy urz\u0119dowe.<br \/>\n2. Na zawodach obowi\u0105zuj\u0119 dodatkowo odpowiednie regulaminy.<br \/>\n3. Za spowodowanie nieszcz\u0119\u015bliwego wypadku odpowiedzialno\u015b\u0107 ponosi strzelaj\u0105cy.<br \/>\n4. Strzelaj\u0105cy ponosi odpowiedzialno\u015b\u0107 za ka\u017cd\u0105 wyrz\u0105dzon\u0105 szkod\u0119 na strzelnicy i zobowi\u0105zany jest do pokrycia strat.<br \/>\n5. Nie wolno stosowa\u0107 pocisk\u00f3w z rdzeniami stalowymi.<br \/>\n6. Osobom, kt\u00f3rych zachowanie wskazuje na u\u017cycie alkoholu lub innych podobnie dzia\u0142aj\u0105cych \u015brodk\u00f3w zabrania si\u0119 przebywanie na strzelnicy oraz udost\u0119pniania wykonywania strzelania<br \/>\n7. Przypomina si\u0119 strzelaj\u0105cym, \u017ce na Strzelnicy obowi\u0105zuj\u0105 wszystkie przepisy USTAWY z dnia 21 maja 1999r. O BRONI I AMUNICJI (Dz. U. Nr 53, poz.\u00a0 549), oraz aktualne rozporz\u0105dzenia i akty wykonawcze do Niej wydane.<br \/>\n8.Za\u0142\u0105cznikami do niniejszego regulaminu s\u0105 rozszerzone zasady bezpiecze\u0144stwa pos\u0142ugiwania si\u0119 broni\u0105 i zachowania si\u0119 na strzelnicy.<\/p>\n<p><em>Telefony alarmowe<\/em><br \/>\n1. Telefon alarmowy \u2013 112,<br \/>\n2. Pogotowie ratunkowe \u2013 999,<br \/>\n3. Policja \u2013 997,<br \/>\n4. Stra\u017c po\u017carna \u2013 998,<br \/>\n5. Pogotowie energetyczne \u2013 991,<br \/>\n6. Pogotowie wodno-kanalizacyjne \u2013 994,<\/p>\n<p>Regulamin zosta\u0142 opracowany na podstawie wzorcowego regulaminu funkcjonowania strzelnic.<\/p>\n<p>OPRACOWA\u0141<br \/>\nMarek Ilczuk<br \/>\nPrezes KSS PATRON<\/p>\n","protected":false},"excerpt":{"rendered":"<p>REGULAMIN BEZPIECZE\u0143STA I U\u017bYTKOWANIA STRZELNICY Opis og\u00f3lny strzelnicy. 1. Strzelnica usytuowana jest w miejscowo\u015bci Borowica gm. \u0141opiennik G\u00f3rny , na<\/p>\n","protected":false},"author":1,"featured_media":0,"parent":0,"menu_order":0,"comment_status":"open","ping_status":"closed","template":"","meta":{"_monsterinsights_skip_tracking":false,"_monsterinsights_sitenote_active":false,"_monsterinsights_sitenote_note":"","_monsterinsights_sitenote_category":0,"footnotes":""},"class_list":["post-117","page","type-page","status-publish","hentry"],"publishpress_future_action":{"enabled":false,"date":"2026-05-06 22:10:36","action":"change-status","newStatus":"draft","terms":[],"taxonomy":"","extraData":[]},"publishpress_future_workflow_manual_trigger":{"enabledWorkflows":[]},"_links":{"self":[{"href":"http:\/\/skoczek.com\/przykladowa-strona\/wp-json\/wp\/v2\/pages\/117","targetHints":{"allow":["GET"]}}],"collection":[{"href":"http:\/\/skoczek.com\/przykladowa-strona\/wp-json\/wp\/v2\/pages"}],"about":[{"href":"http:\/\/skoczek.com\/przykladowa-strona\/wp-json\/wp\/v2\/types\/page"}],"author":[{"embeddable":true,"href":"http:\/\/skoczek.com\/przykladowa-strona\/wp-json\/wp\/v2\/users\/1"}],"replies":[{"embeddable":true,"href":"http:\/\/skoczek.com\/przykladowa-strona\/wp-json\/wp\/v2\/comments?post=117"}],"version-history":[{"count":4,"href":"http:\/\/skoczek.com\/przykladowa-strona\/wp-json\/wp\/v2\/pages\/117\/revisions"}],"predecessor-version":[{"id":151,"href":"http:\/\/skoczek.com\/przykladowa-strona\/wp-json\/wp\/v2\/pages\/117\/revisions\/151"}],"wp:attachment":[{"href":"http:\/\/skoczek.com\/przykladowa-strona\/wp-json\/wp\/v2\/media?parent=117"}],"curies":[{"name":"wp","href":"https:\/\/api.w.org\/{rel}","templated":true}]}}